{"id":235,"date":"2015-04-29T21:48:17","date_gmt":"2015-04-29T19:48:17","guid":{"rendered":"http:\/\/paolorandazzo.com\/home\/?page_id=235"},"modified":"2018-08-07T09:49:38","modified_gmt":"2018-08-07T07:49:38","slug":"about-me-2","status":"publish","type":"page","link":"https:\/\/paolorandazzo.com\/home\/about-me-2\/","title":{"rendered":"About Me"},"content":{"rendered":"\t\t<div data-elementor-type=\"wp-post\" data-elementor-id=\"235\" class=\"elementor elementor-235 elementor-bc-flex-widget\">\n\t\t\t\t\t\t<section class=\"elementor-section elementor-top-section elementor-element elementor-element-5f2aaa9 elementor-section-stretched elementor-section-full_width elementor-section-height-default elementor-section-height-default\" data-id=\"5f2aaa9\" data-element_type=\"section\" data-settings=\"{&quot;stretch_section&quot;:&quot;section-stretched&quot;}\">\n\t\t\t\t\t\t<div class=\"elementor-container elementor-column-gap-default\">\n\t\t\t\t\t<div class=\"elementor-column elementor-col-100 elementor-top-column elementor-element elementor-element-a6f0156\" data-id=\"a6f0156\" data-element_type=\"column\">\n\t\t\t<div class=\"elementor-widget-wrap elementor-element-populated\">\n\t\t\t\t\t\t<div class=\"elementor-element elementor-element-d981135 elementor-widget elementor-widget-video\" data-id=\"d981135\" data-element_type=\"widget\" data-settings=\"{&quot;youtube_url&quot;:&quot;https:\\\/\\\/www.youtube.com\\\/watch?v=dQjMW1dCJFU&amp;t=3s&quot;,&quot;autoplay&quot;:&quot;yes&quot;,&quot;mute&quot;:&quot;yes&quot;,&quot;loop&quot;:&quot;yes&quot;,&quot;video_type&quot;:&quot;youtube&quot;,&quot;controls&quot;:&quot;yes&quot;}\" data-widget_type=\"video.default\">\n\t\t\t\t<div class=\"elementor-widget-container\">\n\t\t\t\t\t\t\t<div class=\"elementor-wrapper elementor-open-inline\">\n\t\t\t<div class=\"elementor-video\"><\/div>\t\t<\/div>\n\t\t\t\t\t\t<\/div>\n\t\t\t\t<\/div>\n\t\t\t\t\t<\/div>\n\t\t<\/div>\n\t\t\t\t\t<\/div>\n\t\t<\/section>\n\t\t\t\t<section class=\"elementor-section elementor-top-section elementor-element elementor-element-58a34d0 elementor-section-boxed elementor-section-height-default elementor-section-height-default\" data-id=\"58a34d0\" data-element_type=\"section\">\n\t\t\t\t\t\t<div class=\"elementor-container elementor-column-gap-default\">\n\t\t\t\t\t<div class=\"elementor-column elementor-col-100 elementor-top-column elementor-element elementor-element-018bfa3\" data-id=\"018bfa3\" data-element_type=\"column\">\n\t\t\t<div class=\"elementor-widget-wrap elementor-element-populated\">\n\t\t\t\t\t\t<div class=\"elementor-element elementor-element-116dacf elementor-widget elementor-widget-spacer\" data-id=\"116dacf\" data-element_type=\"widget\" data-widget_type=\"spacer.default\">\n\t\t\t\t<div class=\"elementor-widget-container\">\n\t\t\t\t\t\t\t<div class=\"elementor-spacer\">\n\t\t\t<div class=\"elementor-spacer-inner\"><\/div>\n\t\t<\/div>\n\t\t\t\t\t\t<\/div>\n\t\t\t\t<\/div>\n\t\t\t\t<div class=\"elementor-element elementor-element-8b79664 elementor-widget elementor-widget-heading\" data-id=\"8b79664\" data-element_type=\"widget\" data-widget_type=\"heading.default\">\n\t\t\t\t<div class=\"elementor-widget-container\">\n\t\t\t\t\t<h2 class=\"elementor-heading-title elementor-size-default\">Willkommen in der bunten Welt von Paolo.<\/h2>\t\t\t\t<\/div>\n\t\t\t\t<\/div>\n\t\t\t\t<div class=\"elementor-element elementor-element-1af0505 elementor-widget elementor-widget-spacer\" data-id=\"1af0505\" data-element_type=\"widget\" data-widget_type=\"spacer.default\">\n\t\t\t\t<div class=\"elementor-widget-container\">\n\t\t\t\t\t\t\t<div class=\"elementor-spacer\">\n\t\t\t<div class=\"elementor-spacer-inner\"><\/div>\n\t\t<\/div>\n\t\t\t\t\t\t<\/div>\n\t\t\t\t<\/div>\n\t\t\t\t\t<\/div>\n\t\t<\/div>\n\t\t\t\t\t<\/div>\n\t\t<\/section>\n\t\t\t\t<section class=\"elementor-section elementor-top-section elementor-element elementor-element-7627d1e elementor-section-boxed elementor-section-height-default elementor-section-height-default\" data-id=\"7627d1e\" data-element_type=\"section\">\n\t\t\t\t\t\t<div class=\"elementor-container elementor-column-gap-default\">\n\t\t\t\t\t<div class=\"elementor-column elementor-col-33 elementor-top-column elementor-element elementor-element-dac9708\" data-id=\"dac9708\" data-element_type=\"column\">\n\t\t\t<div class=\"elementor-widget-wrap elementor-element-populated\">\n\t\t\t\t\t\t<div class=\"elementor-element elementor-element-cb571e4 elementor-widget elementor-widget-text-editor\" data-id=\"cb571e4\" data-element_type=\"widget\" data-widget_type=\"text-editor.default\">\n\t\t\t\t<div class=\"elementor-widget-container\">\n\t\t\t\t\t\t\t\t\t<p>Willkommen in der bunten Welt von Paolo.<\/p><p><strong>Mein Name ist Paolo Randazzo.<\/strong><\/p><p>Ich bin um 8.30 Uhr an einem wundersch\u00f6nen Morgen im August 69 in Sassuolo, Italien, geboren.<\/p><p>An dem Tag schien die Sonne und diese hat mich die meiste Zeit meines Lebens begleitet. Ich war ein sch\u00fcchternes Kind, das die Natur und das Malen liebte, aber ich konnte mich nicht entscheiden, ob ich Tierarzt oder K\u00fcnstler werden wollte.<\/p><p>Wie es oft im Leben ist, kam es anders als ich dachte. Den Rat meiner f\u00fcrsorglichen Mutter folgend wurde ich Fremdsprachenkorrespondent und lernte Deutsch, Englisch und Franz\u00f6sisch.<\/p><p>Nach einem Jahr bei der italienischen Luftwaffe und genau zwei Tage nach dem Mauerfall, am 11. November 1989 bin ich in M\u00fcnchen angekommen.<\/p><p>W\u00e4hrend ich mich der deutschen Sprache gewidmet habe, traf mich von Amor`s Pfeil und ich verliebte mich zum ersten Mal.<\/p><p>Deswegen habe ich mich entschlossen, in der Stadt mit den zwei Zwiebelt\u00fcrmen zu bleiben.<\/p><p>Im Januar 1991, nach einem Jahr schwei\u00dftreibenden Deutsch-Lernens und Leben von Liebe und Spaghetti, fing meine lange und am\u00fcsante Karriere in der Modewelt bei Stierblut an.<\/p><p>Ab September 1994 versuchte ich mein Gl\u00fcck in Mailand und arbeitete bei Maison Versace, wo ich nicht lang geblieben bin. Ich kehrte in die famili\u00e4re Sendlingerstra\u00dfe zu Firma Stierblut nach M\u00fcnchen zur\u00fcck und war von nun an f\u00fcr den Einkauf und das Merchandising zust\u00e4ndig.<\/p><p>Die Zeit verging schnell und im Handumdrehen war es bereits Oktober 2000.<\/p><p>Die gro\u00dfe Liebe zwischen Stierblut und mir ist zu Ende gegangen, wie es auch bei Menschen passiert. Die elegante Maximilianstra\u00dfe hat mich gerufen und ich lie\u00df mich von dem warmen Cashmere der Firma Malo einwickeln und knuddeln. Dort habe ich f\u00fcnf angenehme Jahre als Assistent des Store Managers verbracht. In dieser Zeit lernte ich alles \u00fcber tibetanische Ziegen und sehr elegante Damen, \u201edie Twin-Sets kauften wie ich Br\u00f6tchen beim B\u00e4cker&#8221;.<\/p><p>Auf zu neuen Ufern:<\/p><p>Im August 2005 lie\u00df ich mich von der Firma Pool verf\u00fchren und war dort in der avantgardistischen Boutique multibrand auf der Maximilianstra\u00dfe als Store Manager t\u00e4tig.<\/p><p>Zus\u00e4tzlich arbeitete ich als Free-Lance-Stylist f\u00fcr Modenschauen und Fotoshootings der Firma Escada. Sch\u00f6ne Models, brillante Designer, Paillettes und tiefe D\u00e9collet\u00e9s bereicherten meine Arbeitswelt.<\/p><p>Seit dem Fr\u00fchjahr 2007 nahm ich mir endlich Zeit, meinen lang ersehnten Kindheitstraum zu verwirklichen und begann mit dem Zeichnen und entwarf meine eigene Pop-Art-Bilder Kollektion.<\/p><p>An dieser Stelle blicken wir zur\u00fcck ins Jahr 1998:<\/p><p>Zu dieser Zeit war ich in NYC und sah in einer Galerie in Soho ein Bild, in das ich mich sofort verliebt habe.<br \/>Das Bild war bunt, voll mit kleinen Details und in 3D gearbeitet. Je l\u00e4nger ich das Bild betrachtete, desto mehr Details entdeckte ich, die mir vorher nicht aufgefallen sind.<\/p><p>Das Bild l\u00f6ste in mir Freude aus und zauberte mir ein L\u00e4cheln ins Gesicht.<\/p><p>In diesem Augenblick habe ich mich entschlossen, die Buntstifte aus meiner Kindheit aus der Schublade zu nehmen und mit dem Malen wieder anzufangen.<\/p><p>Mein erstes \u201ekreatives Experiment&#8221; ist ein Bild mit dem Namen \u201eValentinstag&#8221;, welches autobiographisch ist.<br \/>Es folgten weitere Bilder. Die gl\u00e4nzende Modewelt verlangte sehr viel Zeit von mir, sodass ich 2001 nur noch wenige Bilder kreieren konnte.<\/p><p>Bis heute haben all meine Freunde, die mich in meiner kleinen Wohnung in Neuhausen besuchen, das gleiche freudige L\u00e4cheln im Gesicht, wie ich seinerzeit in NYC vor jenem Bild hatte.<\/p><p>Meine Freunde ermutigen mich jedes Mal, mit der Kunst weiter zu machen. Meine eleganten Kundinnen, die Schaufenster und Modenschauen lie\u00dfen mir aber leider keine Zeit daf\u00fcr.<\/p><p>Wieder zur\u00fcck zum Fr\u00fchling 2007:<\/p><p>Die Kollektion, die ich entwarf, wurde durch neue Materialien, Paillettes, Glitter und Stoffen erg\u00e4nzt.<br \/>Meine Bilder bewirken bei allen Betrachtern gute Laune, Freude und ein L\u00e4cheln im Gesicht.<\/p><p>Ich hoffe, durch meine Kunst viele Leute zum Lachen zu bringen und ihnen das Leben bunter, gl\u00e4nzender und freundlicher zu machen.<\/p><p>Ich danke Euch von Herzen, dass ihr ein wenig eurer Zeit in meiner Welt verbracht habt.<\/p><p>Paolo<\/p>\t\t\t\t\t\t\t\t<\/div>\n\t\t\t\t<\/div>\n\t\t\t\t\t<\/div>\n\t\t<\/div>\n\t\t\t\t<div class=\"elementor-column elementor-col-33 elementor-top-column elementor-element elementor-element-8e0a98f\" data-id=\"8e0a98f\" data-element_type=\"column\">\n\t\t\t<div class=\"elementor-widget-wrap elementor-element-populated\">\n\t\t\t\t\t\t<div class=\"elementor-element elementor-element-375c420 elementor-widget elementor-widget-text-editor\" data-id=\"375c420\" data-element_type=\"widget\" data-widget_type=\"text-editor.default\">\n\t\t\t\t<div class=\"elementor-widget-container\">\n\t\t\t\t\t\t\t\t\t<p>Welcome to Paolo\u2019s colourful world!<\/p><p><strong>I am Paolo Randazzo<\/strong><\/p><p>and I was born on a beautiful morning in Sassuolo, Italy in the summer of \u00b469. I was told that the sun was shining that morning, maybe that\u2019s why my life has been as bright as it had started some years ago. I was a very shy little one. I loved nature and drawing and I was not too sure whether I wanted to become a veterinarian or an artist. Unfortunately I became neither. My mother suggested that I should study foreign languages and after a few years in school I became fluent in English, German and French and eventually graduated in 1988. In November of 1989, after serving one year in the Italian Air force, I moved to Munich. While improving my German I fell in love for the first time in my life. Therefore I decided to permanently reside in this beautiful city in southern Bavaria. In 1991, after spending hours on German books and living out of love and, of course, Italian spaghetti, I started my long and rewarding career in the world of fashion, working at Stierblut. In 1994 I temporarily moved to Milan, to work at Versace but I realised that my heart was still in Munich. I moved back to Germany a year later, where I was employed at Stierblut in Sendlingerstrasse as a buyer for different designers and also as a window designer. Time passed by and in 2000 I accepted a position as sales assistant manager at Malo\u00b4s on Maximiliantrasse, a very elegant boutique that has the privilege of handling the warm and unique cashmere items that German women are crazy about. I spent five long and pleasant years at Malo\u00b4s. I learned everything about Tibet&#8230; about its warm &#8220;inhabitants&#8221; and also everything about the interesting clients who were devoted to our gorgeous line of clothing.<\/p><p>In 2005 I had the opportunity to become the sales director for Pool, a multi-brand Boutique also on Maximilianstrasse. I was in charge of personnel, sales and everything that would make Pool become a great success. In the meantime I was also collaborating with Escada as a Stylist. I was immersed into the world of models, brilliant designers, one of a kind couture with breathtaking cleavages, photo shoots and fashion shows. In 2007 I decided to follow one of the dreams I had since I was a child and after a series of unexpected events I had the chance to realize my dream&#8230;. I decided to give 100% of myself to the exciting world of art and drawing.<\/p><p>I remember when, during a trip to NYC in 1994, I fell in love with a picture a saw in an art gallery in Soho. This picture was so colourful and full of detail; it was layered, giving the illusion of 3D. The more I looked at the picture, the more detail I found, things that didn\u2019t catch my attention minutes before. I realised that looking at this colourful picture made me feel very happy and full of life.<\/p><p>It was time to take all my art supplies out of those drawers and recreate what I saw in NYC. My first &#8220;artistic experiment&#8221; was created on &#8220;Valentine\u2019s day&#8221; and that\u2019s what I named my first creation. It was an autobiography, showing the love I had for life and especially the happiness I was feeling in that moment. Other pictures followed &#8220;Valentine\u2019s day&#8221; but my creative rush was interrupted in 2001 when my job in the fashion industry became too demanding.<\/p><p>Many of my creations are displayed in my small studio apartment in Neuhausen and I can proudly say that friends who stopped by for a visit found themselves standing in front of my pictures with a beautiful smile on their faces, reminding me of the emotions I felt that day in NYC. I tried to continue to draw and create but my job was my priority at that time. In 2007 I started to draw, cut and glue again. I was back!!!! This time for good! I started using new materials such as sequins, glitter and fabrics. Most importantly, I found joy and happiness whilst doing something I have wanted to do for long time.<\/p><p>My goal is to make people smile by bringing color and glamour into their lives.<\/p><p>Thank u for spending a few minutes in my world!<\/p><p>Paolo<\/p>\t\t\t\t\t\t\t\t<\/div>\n\t\t\t\t<\/div>\n\t\t\t\t\t<\/div>\n\t\t<\/div>\n\t\t\t\t<div class=\"elementor-column elementor-col-33 elementor-top-column elementor-element elementor-element-ff04ad2\" data-id=\"ff04ad2\" data-element_type=\"column\">\n\t\t\t<div class=\"elementor-widget-wrap elementor-element-populated\">\n\t\t\t\t\t\t<div class=\"elementor-element elementor-element-4096af7 elementor-widget elementor-widget-text-editor\" data-id=\"4096af7\" data-element_type=\"widget\" data-widget_type=\"text-editor.default\">\n\t\t\t\t<div class=\"elementor-widget-container\">\n\t\t\t\t\t\t\t\t\t<p>Benvenuti nel Colorato mondo di Paolo<\/p><p><strong>Mi chiamo Paolo Randazzo <\/strong><\/p><p>e sono nato alle 8,30 di una splendida mattina, nell\u2019agosto del\u201969 a Sassuolo, in Italia.<\/p><p>Mi hanno detto che splendeva il sole quel giorno. Forse e\u00b4 per questo motivo che mi ha accompagnato in gran parte delle mie avventure.<\/p><p>Ero un bimbo timido che amava la natura e il disegno ma non sapeva decidersi se diventare veterinario o artista<br \/>Poi, come spesso accade nella vita , non sono diventato ne l\u2019uno ne l\u2019altro.<\/p><p>Seguendo il consiglio pero\u00b4, di una mamma previdente, ho studiato lingue e mi sono diplomato in tedesco, inglese e francese.<\/p><p>Nel novembre dell\u201989, dopo un anno regalato all\u2019Aeronautica militare, esattamente due gg. dopo la caduta del muro di Berlino, sono arrivato a Monaco di Baviera. Qui mentre mi dedicavo allo studio del teutonico idioma, il fulmine di Cupido mi colpiva, facendomi innamorare per la prima volta. Ho deciso quindi di trasferirmi all\u2019ombra dei cipolloni (come forse i piu\u00b4 di voi sanno, il duomo di m\u00fcnchen ha due torri a forma di cipolla).<\/p><p>Nel gennaio del \u201991, dopo un anno di sudate carte ad apprendere la lingua tedesca, vivendo per lo piu\u00b4 d\u2019amore ma anche d\u2019italici spaghetti, ha avuto inizio la mia lunga, divertente e appagante carriera nel mondo della moda, presso il negozio Stierblut.<\/p><p>Il settembre del \u201994 mi vede arrivare nella capitale meneghina alle dipendenze della maison Versace, dove non rimango a lungo, salvo far ritorno un anno dopo nell\u2019elegante Monaco .<\/p><p>Eccomi di nuovo all\u2019ombra dei cipolloni nella familiare Sendligerstr da Stierblut dove mi occupo degli acquisti di alcune collezioni e dell\u2019allestimento delle vetrine, arricchendo cosi\u00b4 le mie conoscenze lavorative.<\/p><p>Gli anni trascorrevano ed eccoci arrivati all\u2019ottobre del 2000. Cosi\u00b4 come accade tra le persone, anche il grande amore tra me e Stierblut era giunto al termine.<\/p><p>Eccomi quindi approdare nell\u2019elegantissima Maximilianstrasse dove mi sono lasciato avvolgere e coccolare dal caldo cashmere di Malo, svolgendo le mansioni di Assistente Direttore Vendite .<\/p><p>Ho trascorso cinque lunghi e piacevoli anni da Malo, apprendendo tutto quel che c\u2019e\u00b4 da sapere su caprette tibetane e sulle elegantissime signore che usano acquistare twin set di cashemere cosi\u00b4 come io compero il pane dal fornaio.<\/p><p>E\u2019 alto il sole nell\u2019agosto del 2005 quando non resisto alla corte di Pool, boutique multibrand all\u2019ultimo grido che di li\u00b4 a qualche mese avrebbe aperto i suoi locali sulla Maximilianstrasse, e cambio nuovamente lavoro.<\/p><p>Quello di Pool ha rappresentato un piacevole capitolo professionale della mia vita, dove nelle vesti di Direttore Vendite, mi sono occupato sia del personale che di tutte quelle piccole, grandi cose che la gestione di un negozio necessita.<\/p><p>Nel frattempo, per non negarmi nulla, collaboravo anche occasionalmente come stylist per la Escada. Un lavoro indubbiamente divertente ed appagante, circondato da filiformi e fascinose modelle, brillanti designer, pailettes e scollature vertiginose, immerso in servizi fotografici e sfilate.<\/p><p>Qualcuno dice che nulla accade per caso, e cosi\u00b4 nella primavera del 2007, in seguito al succedersi di avvenimenti da me totalmente inaspettati, decido di dedicarmi con piu\u00b4 intensita\u00b4 a quello che, fin dalla piu\u00b4 tenera eta\u00b4, e\u00b4 sempre stato il mio sogno nel cassetto, ossia il Disegno e l\u2019Arte!<\/p><p>Ma facciamo un piccolo salto nel passato. Nel 1998, durante un mio viaggio a New York City, mi sono follemente innamorato di un quadro esposto nella vetrina di una Galleria d\u2019Arte di Soho. Era coloratissimo e pieno di dettagli, creava un effetto tridimensionale, grazie anche alla suddivisione in piu\u00b4 livelli.<\/p><p>Piu\u00b4 lo guardavo e piu\u00b4 scoprivo nuovi dettagli, particolari a me sfuggiti un minuto prima, ma ogni volta con lo stesso felice e leggero sorriso sulle labbra.<\/p><p>E\u2019 stato proprio in quel momento che ho deciso fosse di nuovo giunto il momento di tirare fuori dal cassetto matite e pennarelli e provare a ricreare, con molta umilta\u00b4, qualcosa che potesse assomigliare a quel quadro.<\/p><p>Il mio primo \u201cesperimento creativo\u201d ha visto la luce il giorno di S.Valentino e non per nulla l\u2019ho voluto intitolare \u201cValentine\u2019s day\u201d \u2013 quadro assolutamente autobiografico che infondeva, almeno nel sottoscritto, tenerezza e voglia di sorridere. Altri quadri sono stati creati dopo questo, ma la mia vena creativa vede una brusca interruzione nel 2001 poiche\u00b4 sono troppo impegnato con il mio lavoro e dedico praticamente tutto il mio tempo alla mia interessante carriera nello sfavillante mondo della moda.<\/p><p>Molti dei miei quadri fanno bella mostra di se nel mio piccolo appartamento di Neuhausen e posso dire, con una punta di orgoglio, che chiunque sia venuto a trovarmi, si sia soffermato dinanzi ai miei lavori con un bel sorriso stampato sul volto, riportandomi cosi\u00b4 ogni volta a rivivere la splendida emozione provata dinanzi quel quadro a N.Y.C.<br \/>Piu\u00b4 e piu\u00b4 volte in quel periodo mi sono visto incitato a continuare, ma il mio tempo e la mia dedizione erano rivolti a vetrine, sfilate ed eleganti clienti.<\/p><p>E cosi\u00b4 eccoci tornati al 2007. Come vi dicevo solo quest\u2019anno sono tornato a disegnare, ritagliare, incollare. La mia fantasia ha visto l\u2019incontro con nuovi materiali: paillets, glitter, perline, stoffe ma soprattutto ho ritrovato la gioia e l\u2019allegria . di un tempo. Le stesse gioia e allegria che vedo nei volti delle persone che guardano i miei quadri.<br \/>Spero di poter far sorridere tanta e tanta gente ancora e di portare nella vita di ognuno un po\u2019 di colore, paillets, brillantini ma soprattutto tanta gioia di vivere!<\/p><p>Ed ora, di cuore, vi ringrazio per aver trascorso un po\u2019 del vostro tempo nel mio mondo!<\/p><p>Paolo<\/p>\t\t\t\t\t\t\t\t<\/div>\n\t\t\t\t<\/div>\n\t\t\t\t\t<\/div>\n\t\t<\/div>\n\t\t\t\t\t<\/div>\n\t\t<\/section>\n\t\t\t\t<section class=\"elementor-section elementor-top-section elementor-element elementor-element-f520360 elementor-section-boxed elementor-section-height-default elementor-section-height-default\" data-id=\"f520360\" data-element_type=\"section\">\n\t\t\t\t\t\t<div class=\"elementor-container elementor-column-gap-default\">\n\t\t\t\t\t<div class=\"elementor-column elementor-col-50 elementor-top-column elementor-element elementor-element-c906537\" data-id=\"c906537\" data-element_type=\"column\">\n\t\t\t<div class=\"elementor-widget-wrap elementor-element-populated\">\n\t\t\t\t\t\t<div class=\"elementor-element elementor-element-99665c8 elementor-widget elementor-widget-image\" data-id=\"99665c8\" data-element_type=\"widget\" data-widget_type=\"image.default\">\n\t\t\t\t<div class=\"elementor-widget-container\">\n\t\t\t\t\t\t\t\t\t\t\t\t\t\t\t<img decoding=\"async\" width=\"300\" height=\"163\" src=\"https:\/\/paolorandazzo.com\/home\/wp-content\/uploads\/2018\/08\/Logo.png\" class=\"attachment-large size-large wp-image-370\" alt=\"\" \/>\t\t\t\t\t\t\t\t\t\t\t\t\t\t\t<\/div>\n\t\t\t\t<\/div>\n\t\t\t\t\t<\/div>\n\t\t<\/div>\n\t\t\t\t<div class=\"elementor-column elementor-col-50 elementor-top-column elementor-element elementor-element-e7993a1\" data-id=\"e7993a1\" data-element_type=\"column\">\n\t\t\t<div class=\"elementor-widget-wrap elementor-element-populated\">\n\t\t\t\t\t\t<div class=\"elementor-element elementor-element-9b5e9e0 elementor-widget elementor-widget-image\" data-id=\"9b5e9e0\" data-element_type=\"widget\" data-widget_type=\"image.default\">\n\t\t\t\t<div class=\"elementor-widget-container\">\n\t\t\t\t\t\t\t\t\t\t\t\t\t\t\t<img fetchpriority=\"high\" decoding=\"async\" width=\"1000\" height=\"1000\" src=\"https:\/\/paolorandazzo.com\/home\/wp-content\/uploads\/2018\/08\/About.png\" class=\"attachment-large size-large wp-image-373\" alt=\"\" srcset=\"https:\/\/paolorandazzo.com\/home\/wp-content\/uploads\/2018\/08\/About.png 1000w, https:\/\/paolorandazzo.com\/home\/wp-content\/uploads\/2018\/08\/About-150x150.png 150w, https:\/\/paolorandazzo.com\/home\/wp-content\/uploads\/2018\/08\/About-300x300.png 300w, https:\/\/paolorandazzo.com\/home\/wp-content\/uploads\/2018\/08\/About-768x768.png 768w\" sizes=\"(max-width: 1000px) 100vw, 1000px\" \/>\t\t\t\t\t\t\t\t\t\t\t\t\t\t\t<\/div>\n\t\t\t\t<\/div>\n\t\t\t\t\t<\/div>\n\t\t<\/div>\n\t\t\t\t\t<\/div>\n\t\t<\/section>\n\t\t\t\t<\/div>\n\t\t","protected":false},"excerpt":{"rendered":"<p>Willkommen in der bunten Welt von Paolo. Willkommen in der bunten Welt von Paolo. Mein Name ist Paolo Randazzo. Ich bin um 8.30 Uhr an einem wundersch\u00f6nen Morgen im August 69 in Sassuolo, Italien, geboren. An dem Tag schien die Sonne und diese hat mich die meiste Zeit meines Lebens begleitet. Ich war ein sch\u00fcchternes [&hellip;]<\/p>\n","protected":false},"author":1,"featured_media":0,"parent":0,"menu_order":0,"comment_status":"closed","ping_status":"closed","template":"","meta":{"footnotes":""},"categories":[],"tags":[],"class_list":["post-235","page","type-page","status-publish","hentry"],"_links":{"self":[{"href":"https:\/\/paolorandazzo.com\/home\/wp-json\/wp\/v2\/pages\/235","targetHints":{"allow":["GET"]}}],"collection":[{"href":"https:\/\/paolorandazzo.com\/home\/wp-json\/wp\/v2\/pages"}],"about":[{"href":"https:\/\/paolorandazzo.com\/home\/wp-json\/wp\/v2\/types\/page"}],"author":[{"embeddable":true,"href":"https:\/\/paolorandazzo.com\/home\/wp-json\/wp\/v2\/users\/1"}],"replies":[{"embeddable":true,"href":"https:\/\/paolorandazzo.com\/home\/wp-json\/wp\/v2\/comments?post=235"}],"version-history":[{"count":34,"href":"https:\/\/paolorandazzo.com\/home\/wp-json\/wp\/v2\/pages\/235\/revisions"}],"predecessor-version":[{"id":584,"href":"https:\/\/paolorandazzo.com\/home\/wp-json\/wp\/v2\/pages\/235\/revisions\/584"}],"wp:attachment":[{"href":"https:\/\/paolorandazzo.com\/home\/wp-json\/wp\/v2\/media?parent=235"}],"wp:term":[{"taxonomy":"category","embeddable":true,"href":"https:\/\/paolorandazzo.com\/home\/wp-json\/wp\/v2\/categories?post=235"},{"taxonomy":"post_tag","embeddable":true,"href":"https:\/\/paolorandazzo.com\/home\/wp-json\/wp\/v2\/tags?post=235"}],"curies":[{"name":"wp","href":"https:\/\/api.w.org\/{rel}","templated":true}]}}